{"id":267,"date":"2025-03-31T17:53:58","date_gmt":"2025-03-31T17:53:58","guid":{"rendered":"https:\/\/amexcasep.org.mx\/?page_id=267"},"modified":"2025-03-31T17:56:18","modified_gmt":"2025-03-31T17:56:18","slug":"aviso-de-privacidad","status":"publish","type":"page","link":"https:\/\/amexcasep.org.mx\/en\/aviso-de-privacidad\/","title":{"rendered":"Privacy Notice"},"content":{"rendered":"\t\t<div data-elementor-type=\"wp-page\" data-elementor-id=\"267\" class=\"elementor elementor-267\">\n\t\t\t\t<div class=\"elementor-element elementor-element-546544bd e-con-full e-flex e-con e-parent\" data-id=\"546544bd\" data-element_type=\"container\" data-e-type=\"container\">\n\t\t\t\t<div class=\"elementor-element elementor-element-6efcaff0 elementor-widget elementor-widget-text-editor\" data-id=\"6efcaff0\" data-element_type=\"widget\" data-e-type=\"widget\" data-widget_type=\"text-editor.default\">\n\t\t\t\t<div class=\"elementor-widget-container\">\n\t\t\t\t\t\t\t\t\t<h2 class=\"wp-block-heading\"><strong>Aviso de Privacidad Integral<\/strong><\/h2><p><!-- \/wp:heading --><!-- wp:paragraph --><\/p><p><span style=\"font-weight: 400;\">La Asociaci\u00f3n Mexicana por la Calidad en Salud y Seguridad del Paciente AMEXCASEP, es el responsable del uso y protecci\u00f3n de sus datos personales y al respecto le informa lo siguiente:<\/span><\/p><p><!-- \/wp:paragraph --><!-- wp:heading --><\/p><p><b>\u00bfQu\u00e9 datos personales recabamos de usted?<\/b><\/p><p><!-- \/wp:heading --><!-- wp:paragraph --><\/p><p><span style=\"font-weight: 400;\">Recopilamos sus datos personales con el fin de proporcionar y mejorar continuamente nuestros servicios.<\/span><\/p><p><span style=\"font-weight: 400;\">Estos son los tipos de datos personales que recabamos:<\/span><\/p><ul><li style=\"font-weight: 400;\" aria-level=\"1\"><span style=\"font-weight: 400;\">Datos que Usted Nos Proporciona: Recibimos y almacenamos todos los datos que usted nos proporciona en relaci\u00f3n con los Servicios de AMEXCASEP.<\/span><\/li><li style=\"font-weight: 400;\" aria-level=\"1\"><span style=\"font-weight: 400;\">Datos Autom\u00e1ticos: Recopilamos y almacenamos autom\u00e1ticamente determinados tipos de datos acerca de su uso de nuestros servicios, incluyendo datos acerca de su interacci\u00f3n con el contenido y los servicios disponibles a trav\u00e9s de nuestra p\u00e1gina web. Como en muchos sitios, utilizamos &#8220;cookies&#8221; y otros identificadores, donde obtenemos cierto tipo de informaci\u00f3n cuando su navegador o dispositivo accede a nuestros servicios.<\/span><\/li><\/ul><p><b>\u00bfCon qu\u00e9 fines utiliza AMEXCASEP sus Datos Personales?<\/b><\/p><p><span style=\"font-weight: 400;\">Utilizamos sus datos personales para operar, proporcionar, desarrollar y mejorar los productos y servicios que ofrecemos a nuestros asociados. Las finalidades primarias incluyen:<\/span><\/p><ul><li style=\"font-weight: 400;\" aria-level=\"1\"><span style=\"font-weight: 400;\">Verificaci\u00f3n de su identidad;<\/span><\/li><li style=\"font-weight: 400;\" aria-level=\"1\"><span style=\"font-weight: 400;\">Administraci\u00f3n y operatividad de los servicios y productos que contrata con nosotros;<\/span><\/li><li style=\"font-weight: 400;\" aria-level=\"1\"><span style=\"font-weight: 400;\">Generar su cuenta en nuestra plataforma con usuario y contrase\u00f1a;<\/span><\/li><li style=\"font-weight: 400;\" aria-level=\"1\"><span style=\"font-weight: 400;\">Promover con eficacia los servicios y productos que le ofrecemos, as\u00ed como actividades afines;<\/span><\/li><li style=\"font-weight: 400;\" aria-level=\"1\"><span style=\"font-weight: 400;\">Comunicarnos con usted: utilizamos sus datos personales para comunicarnos con usted en relaci\u00f3n con los servicios de AMEXCASEP a trav\u00e9s de diferentes canales, por ejemplo, tel\u00e9fono y correo electr\u00f3nico.<\/span><\/li><\/ul><p><span style=\"font-weight: 400;\">De manera adicional, podremos utilizar sus datos personales para las siguientes finalidades secundarias:<\/span><\/p><ul><li style=\"font-weight: 400;\" aria-level=\"1\"><span style=\"font-weight: 400;\">Marketing: utilizaremos sus datos personales para enviarle correos electr\u00f3nicos u otras comunicaciones sobre caracter\u00edsticas, productos o servicios que puedan ser de su inter\u00e9s. Si no desea recibir correos electr\u00f3nicos u otras comunicaciones nuestras por favor ind\u00edquelo en el siguiente apartado.<\/span><\/li><li style=\"font-weight: 400;\" aria-level=\"1\"><span style=\"font-weight: 400;\">[ ] No deseo recibir informaci\u00f3n sobre caracter\u00edsticas, productos o servicios.<\/span><\/li><\/ul><p><b>\u00bfQu\u00e9 datos personales recabamos y utilizamos?<\/b><\/p><p><span style=\"font-weight: 400;\">Para lleva a cabo las finalidades descritas en el presente aviso de privacidad, utilizaremos los siguientes datos personales: nombre completo, correo electr\u00f3nico, tel\u00e9fono, fecha de nacimiento, ocupaci\u00f3n, datos adicionales a su ocupaci\u00f3n como experiencia laboral, pa\u00eds y estado de residencia y n\u00famero de tarjeta para efectuar el pago en la plataforma (en caso de ser necesario).<\/span><\/p><p><b>\u00bfComparte AMEXCASEP sus datos personales?<\/b><\/p><p><span style=\"font-weight: 400;\">No, \u00fanicamente utilizamos y almacenamos sus datos personales para los fines establecidos dentro del presente aviso de privacidad.<\/span><\/p><p><b>\u00bfC\u00f3mo puedo ejercer mis Derechos Arco?<\/b><\/p><p><span style=\"font-weight: 400;\">Usted tiene derecho a conocer qu\u00e9 datos personales datos personales tenemos de usted, para qu\u00e9 los utilizamos y las condiciones del uso que les damos (Acceso). Asimismo, es su derecho solicitar la correcci\u00f3n de su informaci\u00f3n personal en caso de que est\u00e9 desactualizada, sea inexacta o incompleta (Rectificaci\u00f3n); que la eliminemos de nuestros registros o bases de datos cuando considere que la misma no est\u00e1 siendo utilizada conforme a los principios, deberes y obligaciones previstas en la normativa (Cancelaci\u00f3n); as\u00ed como oponerse al uso de sus datos personales para fines espec\u00edficos (Oposici\u00f3n). Estos derechos se conocen como derechos ARCO.<\/span><\/p><p><span style=\"font-weight: 400;\">Par el ejercicio de cualquiera de los derechos ARCO, usted deber\u00e1 enviar la solicitud respectiva a la siguiente direcci\u00f3n de correo electr\u00f3nico: info@amexcasep.org.mx<\/span><\/p><p><b>\u00bfC\u00f3mo puedo limitar el uso o divulgaci\u00f3n de mis datos personales?<\/b><\/p><p><span style=\"font-weight: 400;\">Si no desea recibir m\u00e1s correos electr\u00f3nicos u otras notificaciones por parte de nosotros por favor ajuste sus preferencias en configuraci\u00f3n. En esta secci\u00f3n: agregar secci\u00f3n.<\/span><\/p><p><b>\u00bfQu\u00e9 pasa con las cookies y otros identificadores?<\/b><\/p><p><span style=\"font-weight: 400;\">Le informamos que utilizamos cookies, web beacons y otras tecnolog\u00edas a trav\u00e9s de las cuales es posible monitorear su comportamiento como usuario de Internet, brindarle un mejor servicio y experiencia de usuario al navegar en nuestra p\u00e1gina, as\u00ed como ofrecerle nuevos productos y servicios basados en sus preferencias.<\/span><\/p><p><span style=\"font-weight: 400;\">Los datos personales que obtenemos de estas tecnolog\u00edas de rastreo son los siguientes: horario de navegaci\u00f3n, tiempo de navegaci\u00f3n en nuestra p\u00e1gina de Internet, secciones consultadas, entre otros.<\/span><\/p><p><span style=\"font-weight: 400;\">Estas tecnolog\u00edas podr\u00e1n deshabilitarse siguiendo los siguientes pasos: Establecer pasos a seguir para deshabilitarlas.<\/span><\/p><p><b>\u00bfC\u00f3mo puedo conocer los cambios a este aviso de privacidad?<\/b><\/p><p><span style=\"font-weight: 400;\">El presente aviso de privacidad puede sufrir modificaciones, cambios o actualizaciones derivadas de nuevos requerimientos legales; de nuestras propias necesidades por los productos o servicios que ofrecemos; de nuestras pr\u00e1cticas de privacidad; de cambios en nuestro modelo de negocio, o por otras causas.<\/span><\/p><p><span style=\"font-weight: 400;\">Nos comprometemos a mantenerlo informado sobre los cambios que pueda sufrir el presente aviso de privacidad, a trav\u00e9s de un anuncio en nuestra p\u00e1gina web y notificaci\u00f3n v\u00eda correo electr\u00f3nico para nuestros usuarios cuando esta sea aplicable.<\/span><\/p>\t\t\t\t\t\t\t\t<\/div>\n\t\t\t\t<\/div>\n\t\t\t\t<\/div>\n\t\t\t\t<\/div>\n\t\t","protected":false},"excerpt":{"rendered":"<p>Aviso de Privacidad Integral La Asociaci\u00f3n Mexicana por la Calidad en Salud y Seguridad del Paciente AMEXCASEP, es el responsable del uso y protecci\u00f3n de sus datos personales y al respecto le informa lo siguiente: \u00bfQu\u00e9 datos personales recabamos de usted? Recopilamos sus datos personales con el fin de proporcionar y mejorar continuamente nuestros servicios. [&hellip;]<\/p>\n","protected":false},"author":2,"featured_media":0,"parent":0,"menu_order":0,"comment_status":"closed","ping_status":"closed","template":"","meta":{"footnotes":""},"class_list":["post-267","page","type-page","status-publish","hentry"],"jetpack_sharing_enabled":true,"_links":{"self":[{"href":"https:\/\/amexcasep.org.mx\/en\/wp-json\/wp\/v2\/pages\/267","targetHints":{"allow":["GET"]}}],"collection":[{"href":"https:\/\/amexcasep.org.mx\/en\/wp-json\/wp\/v2\/pages"}],"about":[{"href":"https:\/\/amexcasep.org.mx\/en\/wp-json\/wp\/v2\/types\/page"}],"author":[{"embeddable":true,"href":"https:\/\/amexcasep.org.mx\/en\/wp-json\/wp\/v2\/users\/2"}],"replies":[{"embeddable":true,"href":"https:\/\/amexcasep.org.mx\/en\/wp-json\/wp\/v2\/comments?post=267"}],"version-history":[{"count":4,"href":"https:\/\/amexcasep.org.mx\/en\/wp-json\/wp\/v2\/pages\/267\/revisions"}],"predecessor-version":[{"id":276,"href":"https:\/\/amexcasep.org.mx\/en\/wp-json\/wp\/v2\/pages\/267\/revisions\/276"}],"wp:attachment":[{"href":"https:\/\/amexcasep.org.mx\/en\/wp-json\/wp\/v2\/media?parent=267"}],"curies":[{"name":"wp","href":"https:\/\/api.w.org\/{rel}","templated":true}]}}